{"id":459,"date":"2021-04-16T09:00:08","date_gmt":"2021-04-16T09:00:08","guid":{"rendered":"https:\/\/martapinedasoprano.com\/?page_id=459"},"modified":"2021-04-23T09:58:39","modified_gmt":"2021-04-23T09:58:39","slug":"galeria-audio","status":"publish","type":"page","link":"https:\/\/martapinedasoprano.com\/index.php\/galeria-audio\/","title":{"rendered":"Galer\u00eda &#038; audio"},"content":{"rendered":"<p>[et_pb_section fb_built=\u00bb1&#8243; admin_label=\u00bbHero Section\u00bb _builder_version=\u00bb4.9.2&#8243; background_enable_color=\u00bboff\u00bb use_background_color_gradient=\u00bbon\u00bb background_color_gradient_start=\u00bb#d12940&#8243; background_color_gradient_end=\u00bbrgba(0,0,0,0)\u00bb background_color_gradient_direction=\u00bb131deg\u00bb background_color_gradient_start_position=\u00bb26%\u00bb background_color_gradient_overlays_image=\u00bbon\u00bb background_image=\u00bbhttps:\/\/martapinedasoprano.com\/wp-content\/uploads\/2021\/04\/WhatsApp-Image-2021-03-31-at-19.18.10-1.jpeg\u00bb background_position=\u00bbtop_right\u00bb custom_padding=\u00bb110px|0px|110px|0px\u00bb animation_style=\u00bbslide\u00bb animation_direction=\u00bbtop\u00bb animation_intensity_slide=\u00bb2%\u00bb animation_starting_opacity=\u00bb100%\u00bb hover_enabled=\u00bb0&#8243; disabled_on=\u00bbon|on|off\u00bb sticky_enabled=\u00bb0&#8243;][et_pb_row column_structure=\u00bb1_2,1_2&#8243; _builder_version=\u00bb4.9.2&#8243; background_enable_image=\u00bboff\u00bb background_size=\u00bbinitial\u00bb background_position=\u00bbtop_left\u00bb background_repeat=\u00bbrepeat\u00bb custom_width_px=\u00bb1440px\u00bb][et_pb_column type=\u00bb1_2&#8243; _builder_version=\u00bb3.25&#8243; custom_padding=\u00bb|||\u00bb custom_padding__hover=\u00bb|||\u00bb][et_pb_text _builder_version=\u00bb4.9.2&#8243; text_font=\u00bb||||||||\u00bb header_font=\u00bbPlayfair Display|700|||||||\u00bb header_text_color=\u00bb#ffffff\u00bb header_font_size=\u00bb56px\u00bb header_line_height=\u00bb1.5em\u00bb header_2_font=\u00bb||||||||\u00bb header_3_font=\u00bb||||||||\u00bb header_4_font=\u00bb||||||||\u00bb header_5_font=\u00bb||||||||\u00bb header_6_font=\u00bb||||||||\u00bb background_size=\u00bbinitial\u00bb background_position=\u00bbtop_left\u00bb background_repeat=\u00bbrepeat\u00bb custom_margin=\u00bb||20px|\u00bb locked=\u00bboff\u00bb]<\/p>\n<h1>GALER\u00cdA\u00a0<\/h1>\n<p>[\/et_pb_text][et_pb_divider color=\u00bb#FFFFFF\u00bb divider_weight=\u00bb3px\u00bb disabled_on=\u00bbon|on|off\u00bb _builder_version=\u00bb4.9.2&#8243; max_width=\u00bb80px\u00bb module_alignment=\u00bbleft\u00bb height=\u00bb10px\u00bb custom_margin=\u00bb||20px|\u00bb animation_style=\u00bbslide\u00bb animation_direction=\u00bbbottom\u00bb saved_tabs=\u00bball\u00bb locked=\u00bboff\u00bb][\/et_pb_divider][\/et_pb_column][et_pb_column type=\u00bb1_2&#8243; _builder_version=\u00bb4.9.2&#8243; background_enable_image=\u00bboff\u00bb custom_padding=\u00bb|||\u00bb custom_padding__hover=\u00bb|||\u00bb][\/et_pb_column][\/et_pb_row][\/et_pb_section][et_pb_section fb_built=\u00bb1&#8243; disabled_on=\u00bboff|off|on\u00bb admin_label=\u00bbHero Section\u00bb _builder_version=\u00bb4.9.2&#8243; background_enable_color=\u00bboff\u00bb use_background_color_gradient=\u00bbon\u00bb background_color_gradient_start=\u00bb#d12940&#8243; background_color_gradient_end=\u00bbrgba(0,0,0,0)\u00bb background_color_gradient_direction=\u00bb131deg\u00bb background_color_gradient_start_position=\u00bb26%\u00bb background_color_gradient_overlays_image=\u00bbon\u00bb background_image=\u00bbhttps:\/\/martapinedasoprano.com\/wp-content\/uploads\/2021\/04\/WhatsApp-Image-2021-03-31-at-19.18.10-1.jpeg\u00bb custom_padding=\u00bb21px|0px|0px|0px||\u00bb animation_style=\u00bbslide\u00bb animation_direction=\u00bbtop\u00bb animation_intensity_slide=\u00bb2%\u00bb animation_starting_opacity=\u00bb100%\u00bb hover_enabled=\u00bb0&#8243; title_text=\u00bbWhatsApp Image 2021-03-31 at 19.18.10&#8243; sticky_enabled=\u00bb0&#8243;][et_pb_row _builder_version=\u00bb4.9.2&#8243; background_enable_image=\u00bboff\u00bb background_size=\u00bbinitial\u00bb background_position=\u00bbtop_left\u00bb background_repeat=\u00bbrepeat\u00bb custom_padding=\u00bb||0px|||\u00bb custom_width_px=\u00bb1440px\u00bb][et_pb_column type=\u00bb4_4&#8243; _builder_version=\u00bb3.25&#8243; custom_padding=\u00bb|||\u00bb custom_padding__hover=\u00bb|||\u00bb][et_pb_text _builder_version=\u00bb4.9.2&#8243; text_font=\u00bb||||||||\u00bb header_font=\u00bbPlayfair Display|700|||||||\u00bb header_text_color=\u00bb#ffffff\u00bb header_font_size=\u00bb60px\u00bb header_line_height=\u00bb1.5em\u00bb header_2_font=\u00bb||||||||\u00bb header_3_font=\u00bb||||||||\u00bb header_4_font=\u00bb||||||||\u00bb header_5_font=\u00bb||||||||\u00bb header_6_font=\u00bb||||||||\u00bb background_size=\u00bbinitial\u00bb background_position=\u00bbtop_left\u00bb background_repeat=\u00bbrepeat\u00bb custom_margin=\u00bb||39px|||\u00bb locked=\u00bboff\u00bb]<\/p>\n<h1>GALER\u00cdA\u00a0<\/h1>\n<p>[\/et_pb_text][\/et_pb_column][\/et_pb_row][\/et_pb_section][et_pb_section fb_built=\u00bb1&#8243; admin_label=\u00bbSale &#038; Featured\u00bb _builder_version=\u00bb4.9.2&#8243; background_position=\u00bbtop_right\u00bb custom_padding=\u00bb||18px|||\u00bb hover_enabled=\u00bb0&#8243; disabled_on=\u00bbon|on|off\u00bb sticky_enabled=\u00bb0&#8243;][et_pb_row _builder_version=\u00bb3.25&#8243; background_size=\u00bbinitial\u00bb background_position=\u00bbtop_left\u00bb background_repeat=\u00bbrepeat\u00bb custom_padding=\u00bb32px|||||\u00bb][et_pb_column type=\u00bb4_4&#8243; _builder_version=\u00bb3.25&#8243; custom_padding=\u00bb|||\u00bb custom_padding__hover=\u00bb|||\u00bb][et_pb_divider color=\u00bb#d12940&#8243; divider_weight=\u00bb3px\u00bb disabled_on=\u00bbon|on|off\u00bb _builder_version=\u00bb4.9.2&#8243; max_width=\u00bb80px\u00bb module_alignment=\u00bbcenter\u00bb height=\u00bb10px\u00bb custom_margin=\u00bb||20px|\u00bb animation_style=\u00bbslide\u00bb animation_direction=\u00bbbottom\u00bb saved_tabs=\u00bball\u00bb locked=\u00bboff\u00bb][\/et_pb_divider][\/et_pb_column][\/et_pb_row][et_pb_row column_structure=\u00bb1_2,1_2&#8243; use_custom_gutter=\u00bbon\u00bb gutter_width=\u00bb2&#8243; admin_label=\u00bbSale Cards\u00bb _builder_version=\u00bb4.9.2&#8243; background_size=\u00bbinitial\u00bb background_position=\u00bbtop_left\u00bb background_repeat=\u00bbrepeat\u00bb animation_style=\u00bbfade\u00bb][et_pb_column type=\u00bb1_2&#8243; _builder_version=\u00bb4.9.2&#8243; use_background_color_gradient=\u00bbon\u00bb background_color_gradient_start=\u00bbrgba(255,234,191,0)\u00bb background_color_gradient_end=\u00bb#d12940&#8243; background_color_gradient_direction=\u00bb90deg\u00bb background_color_gradient_end_position=\u00bb94%\u00bb background_image=\u00bbhttps:\/\/martapinedasoprano.com\/wp-content\/uploads\/2021\/04\/OKWhatsApp-Image-2021-04-15-at-20.30.17-1.jpeg\u00bb background_blend=\u00bbsoft-light\u00bb custom_padding=\u00bb30px|30px|30px|30px\u00bb link_option_url=\u00bbhttps:\/\/martapinedasoprano.com\/index.php\/galeria\/\u00bb custom_padding__hover=\u00bb|||\u00bb][et_pb_text _builder_version=\u00bb4.9.2&#8243; text_font=\u00bb||||||||\u00bb header_font=\u00bb||||||||\u00bb header_3_font=\u00bbPoppins|600||on|||||\u00bb header_3_text_color=\u00bb#FFFFFF\u00bb header_3_font_size=\u00bb11px\u00bb header_3_letter_spacing=\u00bb6px\u00bb header_3_line_height=\u00bb1.4em\u00bb header_4_font=\u00bbPlayfair Display|||on|||||\u00bb header_4_text_align=\u00bbright\u00bb header_4_text_color=\u00bb#FFFFFF\u00bb header_4_font_size=\u00bb48px\u00bb background_size=\u00bbinitial\u00bb background_position=\u00bbtop_left\u00bb background_repeat=\u00bbrepeat\u00bb max_width=\u00bb300px\u00bb module_alignment=\u00bbright\u00bb custom_margin=\u00bb100px|||\u00bb custom_padding=\u00bb|||\u00bb]<\/p>\n<h4>IM\u00c1GENES<\/h4>\n<p>[\/et_pb_text][et_pb_button button_url=\u00bbhttps:\/\/martapinedasoprano.com\/index.php\/galeria\/\u00bb button_text=\u00bbAcceder\u00bb button_alignment=\u00bbright\u00bb _builder_version=\u00bb4.9.2&#8243; custom_button=\u00bbon\u00bb button_text_size=\u00bb14px\u00bb button_text_color=\u00bb#080505&#8243; button_border_width=\u00bb0px\u00bb button_font=\u00bbPoppins|600|||||||\u00bb button_icon=\u00bb%%180%%\u00bb button_icon_color=\u00bbrgba(0,0,0,0.5)\u00bb button_on_hover=\u00bboff\u00bb custom_margin=\u00bb||0px|\u00bb custom_padding=\u00bb|||\u00bb button_letter_spacing_hover=\u00bb0&#8243; button_bg_color_hover=\u00bbrgba(0,0,0,0)\u00bb button_text_size__hover_enabled=\u00bboff\u00bb button_one_text_size__hover_enabled=\u00bboff\u00bb button_two_text_size__hover_enabled=\u00bboff\u00bb button_text_color__hover_enabled=\u00bboff\u00bb button_one_text_color__hover_enabled=\u00bboff\u00bb button_two_text_color__hover_enabled=\u00bboff\u00bb button_border_width__hover_enabled=\u00bboff\u00bb button_one_border_width__hover_enabled=\u00bboff\u00bb button_two_border_width__hover_enabled=\u00bboff\u00bb button_border_color__hover_enabled=\u00bboff\u00bb button_one_border_color__hover_enabled=\u00bboff\u00bb button_two_border_color__hover_enabled=\u00bboff\u00bb button_border_radius__hover_enabled=\u00bboff\u00bb button_one_border_radius__hover_enabled=\u00bboff\u00bb button_two_border_radius__hover_enabled=\u00bboff\u00bb button_letter_spacing__hover_enabled=\u00bbon\u00bb button_letter_spacing__hover=\u00bb0&#8243; button_one_letter_spacing__hover_enabled=\u00bboff\u00bb button_two_letter_spacing__hover_enabled=\u00bboff\u00bb button_bg_color__hover_enabled=\u00bbon\u00bb button_bg_color__hover=\u00bbrgba(0,0,0,0)\u00bb button_one_bg_color__hover_enabled=\u00bboff\u00bb button_two_bg_color__hover_enabled=\u00bboff\u00bb][\/et_pb_button][\/et_pb_column][et_pb_column type=\u00bb1_2&#8243; _builder_version=\u00bb4.9.2&#8243; use_background_color_gradient=\u00bbon\u00bb background_color_gradient_start=\u00bbrgba(255,234,191,0)\u00bb background_color_gradient_end=\u00bb#d12940&#8243; background_color_gradient_direction=\u00bb90deg\u00bb background_color_gradient_end_position=\u00bb94%\u00bb background_image=\u00bbhttps:\/\/martapinedasoprano.com\/wp-content\/uploads\/2021\/04\/WhatsApp-Image-2021-03-31-at-19.25.33-1.jpeg\u00bb background_blend=\u00bbsoft-light\u00bb custom_padding=\u00bb30px|30px|30px|30px\u00bb link_option_url=\u00bbhttps:\/\/martapinedasoprano.com\/index.php\/videos\/\u00bb custom_padding__hover=\u00bb|||\u00bb][et_pb_text _builder_version=\u00bb4.9.2&#8243; text_font=\u00bb||||||||\u00bb header_font=\u00bb||||||||\u00bb header_3_font=\u00bbPoppins|600||on|||||\u00bb header_3_text_color=\u00bb#FFFFFF\u00bb header_3_font_size=\u00bb11px\u00bb header_3_letter_spacing=\u00bb6px\u00bb header_3_line_height=\u00bb1.4em\u00bb header_4_font=\u00bbPlayfair Display|||on|||||\u00bb header_4_text_align=\u00bbright\u00bb header_4_text_color=\u00bb#FFFFFF\u00bb header_4_font_size=\u00bb48px\u00bb background_size=\u00bbinitial\u00bb background_position=\u00bbtop_left\u00bb background_repeat=\u00bbrepeat\u00bb max_width=\u00bb300px\u00bb module_alignment=\u00bbright\u00bb custom_margin=\u00bb100px|||\u00bb custom_padding=\u00bb|||\u00bb]<\/p>\n<h4>V\u00cdDEOS<\/h4>\n<p>[\/et_pb_text][et_pb_button button_url=\u00bbhttps:\/\/martapinedasoprano.com\/index.php\/videos\/\u00bb button_text=\u00bbAcceder\u00bb button_alignment=\u00bbright\u00bb _builder_version=\u00bb4.9.2&#8243; custom_button=\u00bbon\u00bb button_text_size=\u00bb14px\u00bb button_text_color=\u00bb#080505&#8243; button_border_width=\u00bb0px\u00bb button_font=\u00bbPoppins|600|||||||\u00bb button_icon=\u00bb%%180%%\u00bb button_icon_color=\u00bbrgba(0,0,0,0.5)\u00bb button_on_hover=\u00bboff\u00bb custom_margin=\u00bb||0px|\u00bb custom_padding=\u00bb|||\u00bb button_letter_spacing_hover=\u00bb0&#8243; button_bg_color_hover=\u00bbrgba(0,0,0,0)\u00bb button_text_size__hover_enabled=\u00bboff\u00bb button_one_text_size__hover_enabled=\u00bboff\u00bb button_two_text_size__hover_enabled=\u00bboff\u00bb button_text_color__hover_enabled=\u00bboff\u00bb button_one_text_color__hover_enabled=\u00bboff\u00bb button_two_text_color__hover_enabled=\u00bboff\u00bb button_border_width__hover_enabled=\u00bboff\u00bb button_one_border_width__hover_enabled=\u00bboff\u00bb button_two_border_width__hover_enabled=\u00bboff\u00bb button_border_color__hover_enabled=\u00bboff\u00bb button_one_border_color__hover_enabled=\u00bboff\u00bb button_two_border_color__hover_enabled=\u00bboff\u00bb button_border_radius__hover_enabled=\u00bboff\u00bb button_one_border_radius__hover_enabled=\u00bboff\u00bb button_two_border_radius__hover_enabled=\u00bboff\u00bb button_letter_spacing__hover_enabled=\u00bbon\u00bb button_letter_spacing__hover=\u00bb0&#8243; button_one_letter_spacing__hover_enabled=\u00bboff\u00bb button_two_letter_spacing__hover_enabled=\u00bboff\u00bb button_bg_color__hover_enabled=\u00bbon\u00bb button_bg_color__hover=\u00bbrgba(0,0,0,0)\u00bb button_one_bg_color__hover_enabled=\u00bboff\u00bb button_two_bg_color__hover_enabled=\u00bboff\u00bb][\/et_pb_button][\/et_pb_column][\/et_pb_row][et_pb_row _builder_version=\u00bb3.25&#8243; background_size=\u00bbinitial\u00bb background_position=\u00bbtop_left\u00bb background_repeat=\u00bbrepeat\u00bb custom_margin=\u00bb17px|auto|-5px|auto||\u00bb custom_padding=\u00bb42px|||||\u00bb][et_pb_column type=\u00bb4_4&#8243; _builder_version=\u00bb3.25&#8243; custom_padding=\u00bb|||\u00bb custom_padding__hover=\u00bb|||\u00bb][et_pb_divider color=\u00bb#d12940&#8243; divider_weight=\u00bb3px\u00bb disabled_on=\u00bbon|on|off\u00bb _builder_version=\u00bb4.9.2&#8243; max_width=\u00bb80px\u00bb module_alignment=\u00bbcenter\u00bb height=\u00bb10px\u00bb custom_margin=\u00bb||20px|\u00bb animation_style=\u00bbslide\u00bb animation_direction=\u00bbbottom\u00bb saved_tabs=\u00bball\u00bb locked=\u00bboff\u00bb][\/et_pb_divider][\/et_pb_column][\/et_pb_row][\/et_pb_section][et_pb_section fb_built=\u00bb1&#8243; admin_label=\u00bbSale &#038; Featured\u00bb _builder_version=\u00bb4.9.2&#8243; background_position=\u00bbtop_right\u00bb custom_padding=\u00bb||18px|||\u00bb hover_enabled=\u00bb0&#8243; disabled_on=\u00bboff|off|on\u00bb sticky_enabled=\u00bb0&#8243;][et_pb_row column_structure=\u00bb1_2,1_2&#8243; use_custom_gutter=\u00bbon\u00bb gutter_width=\u00bb2&#8243; admin_label=\u00bbSale Cards\u00bb _builder_version=\u00bb4.9.2&#8243; background_size=\u00bbinitial\u00bb background_position=\u00bbtop_left\u00bb background_repeat=\u00bbrepeat\u00bb animation_style=\u00bbfade\u00bb][et_pb_column type=\u00bb1_2&#8243; _builder_version=\u00bb4.9.2&#8243; use_background_color_gradient=\u00bbon\u00bb background_color_gradient_start=\u00bbrgba(255,234,191,0)\u00bb background_color_gradient_end=\u00bb#d12940&#8243; background_color_gradient_direction=\u00bb90deg\u00bb background_color_gradient_end_position=\u00bb94%\u00bb background_image=\u00bbhttps:\/\/martapinedasoprano.com\/wp-content\/uploads\/2021\/04\/OKWhatsApp-Image-2021-04-15-at-20.30.17-1.jpeg\u00bb background_blend=\u00bbsoft-light\u00bb custom_padding=\u00bb30px|30px|30px|30px\u00bb link_option_url=\u00bbhttps:\/\/martapinedasoprano.com\/index.php\/galeria\/\u00bb custom_padding__hover=\u00bb|||\u00bb][et_pb_text _builder_version=\u00bb4.9.2&#8243; text_font=\u00bb||||||||\u00bb header_font=\u00bb||||||||\u00bb header_3_font=\u00bbPoppins|600||on|||||\u00bb header_3_text_color=\u00bb#FFFFFF\u00bb header_3_font_size=\u00bb11px\u00bb header_3_letter_spacing=\u00bb6px\u00bb header_3_line_height=\u00bb1.4em\u00bb header_4_font=\u00bbPlayfair Display|||on|||||\u00bb header_4_text_align=\u00bbright\u00bb header_4_text_color=\u00bb#FFFFFF\u00bb header_4_font_size=\u00bb48px\u00bb background_size=\u00bbinitial\u00bb background_position=\u00bbtop_left\u00bb background_repeat=\u00bbrepeat\u00bb max_width=\u00bb300px\u00bb module_alignment=\u00bbright\u00bb custom_margin=\u00bb100px|||\u00bb custom_padding=\u00bb|||\u00bb]<\/p>\n<h4>IM\u00c1GENES<\/h4>\n<p>[\/et_pb_text][et_pb_button button_url=\u00bbhttps:\/\/martapinedasoprano.com\/index.php\/galeria\/\u00bb button_text=\u00bbAcceder\u00bb button_alignment=\u00bbright\u00bb _builder_version=\u00bb4.9.2&#8243; custom_button=\u00bbon\u00bb button_text_size=\u00bb14px\u00bb button_text_color=\u00bb#080505&#8243; button_border_width=\u00bb0px\u00bb button_font=\u00bbPoppins|600|||||||\u00bb button_icon=\u00bb%%180%%\u00bb button_icon_color=\u00bbrgba(0,0,0,0.5)\u00bb button_on_hover=\u00bboff\u00bb custom_margin=\u00bb||0px|\u00bb custom_padding=\u00bb|||\u00bb button_letter_spacing_hover=\u00bb0&#8243; button_bg_color_hover=\u00bbrgba(0,0,0,0)\u00bb button_text_size__hover_enabled=\u00bboff\u00bb button_one_text_size__hover_enabled=\u00bboff\u00bb button_two_text_size__hover_enabled=\u00bboff\u00bb button_text_color__hover_enabled=\u00bboff\u00bb button_one_text_color__hover_enabled=\u00bboff\u00bb button_two_text_color__hover_enabled=\u00bboff\u00bb button_border_width__hover_enabled=\u00bboff\u00bb button_one_border_width__hover_enabled=\u00bboff\u00bb button_two_border_width__hover_enabled=\u00bboff\u00bb button_border_color__hover_enabled=\u00bboff\u00bb button_one_border_color__hover_enabled=\u00bboff\u00bb button_two_border_color__hover_enabled=\u00bboff\u00bb button_border_radius__hover_enabled=\u00bboff\u00bb button_one_border_radius__hover_enabled=\u00bboff\u00bb button_two_border_radius__hover_enabled=\u00bboff\u00bb button_letter_spacing__hover_enabled=\u00bbon\u00bb button_letter_spacing__hover=\u00bb0&#8243; button_one_letter_spacing__hover_enabled=\u00bboff\u00bb button_two_letter_spacing__hover_enabled=\u00bboff\u00bb button_bg_color__hover_enabled=\u00bbon\u00bb button_bg_color__hover=\u00bbrgba(0,0,0,0)\u00bb button_one_bg_color__hover_enabled=\u00bboff\u00bb button_two_bg_color__hover_enabled=\u00bboff\u00bb][\/et_pb_button][\/et_pb_column][et_pb_column type=\u00bb1_2&#8243; _builder_version=\u00bb4.9.2&#8243; use_background_color_gradient=\u00bbon\u00bb background_color_gradient_start=\u00bbrgba(255,234,191,0)\u00bb background_color_gradient_end=\u00bb#d12940&#8243; background_color_gradient_direction=\u00bb90deg\u00bb background_color_gradient_end_position=\u00bb94%\u00bb background_image=\u00bbhttps:\/\/martapinedasoprano.com\/wp-content\/uploads\/2021\/04\/WhatsApp-Image-2021-03-31-at-19.25.33-1.jpeg\u00bb background_blend=\u00bbsoft-light\u00bb custom_padding=\u00bb30px|30px|30px|30px\u00bb link_option_url=\u00bbhttps:\/\/martapinedasoprano.com\/index.php\/videos\/\u00bb custom_padding__hover=\u00bb|||\u00bb][et_pb_text _builder_version=\u00bb4.9.2&#8243; text_font=\u00bb||||||||\u00bb header_font=\u00bb||||||||\u00bb header_3_font=\u00bbPoppins|600||on|||||\u00bb header_3_text_color=\u00bb#FFFFFF\u00bb header_3_font_size=\u00bb11px\u00bb header_3_letter_spacing=\u00bb6px\u00bb header_3_line_height=\u00bb1.4em\u00bb header_4_font=\u00bbPlayfair Display|||on|||||\u00bb header_4_text_align=\u00bbright\u00bb header_4_text_color=\u00bb#FFFFFF\u00bb header_4_font_size=\u00bb48px\u00bb background_size=\u00bbinitial\u00bb background_position=\u00bbtop_left\u00bb background_repeat=\u00bbrepeat\u00bb max_width=\u00bb300px\u00bb module_alignment=\u00bbright\u00bb custom_margin=\u00bb100px|||\u00bb custom_padding=\u00bb|||\u00bb]<\/p>\n<h4>V\u00cdDEOS<\/h4>\n<p>[\/et_pb_text][et_pb_button button_url=\u00bbhttps:\/\/martapinedasoprano.com\/index.php\/videos\/\u00bb button_text=\u00bbAcceder\u00bb button_alignment=\u00bbright\u00bb _builder_version=\u00bb4.9.2&#8243; custom_button=\u00bbon\u00bb button_text_size=\u00bb14px\u00bb button_text_color=\u00bb#080505&#8243; button_border_width=\u00bb0px\u00bb button_font=\u00bbPoppins|600|||||||\u00bb button_icon=\u00bb%%180%%\u00bb button_icon_color=\u00bbrgba(0,0,0,0.5)\u00bb button_on_hover=\u00bboff\u00bb custom_margin=\u00bb||0px|\u00bb custom_padding=\u00bb|||\u00bb button_letter_spacing_hover=\u00bb0&#8243; button_bg_color_hover=\u00bbrgba(0,0,0,0)\u00bb button_text_size__hover_enabled=\u00bboff\u00bb button_one_text_size__hover_enabled=\u00bboff\u00bb button_two_text_size__hover_enabled=\u00bboff\u00bb button_text_color__hover_enabled=\u00bboff\u00bb button_one_text_color__hover_enabled=\u00bboff\u00bb button_two_text_color__hover_enabled=\u00bboff\u00bb button_border_width__hover_enabled=\u00bboff\u00bb button_one_border_width__hover_enabled=\u00bboff\u00bb button_two_border_width__hover_enabled=\u00bboff\u00bb button_border_color__hover_enabled=\u00bboff\u00bb button_one_border_color__hover_enabled=\u00bboff\u00bb button_two_border_color__hover_enabled=\u00bboff\u00bb button_border_radius__hover_enabled=\u00bboff\u00bb button_one_border_radius__hover_enabled=\u00bboff\u00bb button_two_border_radius__hover_enabled=\u00bboff\u00bb button_letter_spacing__hover_enabled=\u00bbon\u00bb button_letter_spacing__hover=\u00bb0&#8243; button_one_letter_spacing__hover_enabled=\u00bboff\u00bb button_two_letter_spacing__hover_enabled=\u00bboff\u00bb button_bg_color__hover_enabled=\u00bbon\u00bb button_bg_color__hover=\u00bbrgba(0,0,0,0)\u00bb button_one_bg_color__hover_enabled=\u00bboff\u00bb button_two_bg_color__hover_enabled=\u00bboff\u00bb][\/et_pb_button][\/et_pb_column][\/et_pb_row][\/et_pb_section]<\/p>\n","protected":false},"excerpt":{"rendered":"<p>GALER\u00cdA\u00a0GALER\u00cdA\u00a0IM\u00c1GENESV\u00cdDEOSIM\u00c1GENESV\u00cdDEOS<\/p>\n","protected":false},"author":1,"featured_media":0,"parent":0,"menu_order":0,"comment_status":"closed","ping_status":"closed","template":"","meta":{"_et_pb_use_builder":"on","_et_pb_old_content":"","_et_gb_content_width":"","footnotes":""},"class_list":["post-459","page","type-page","status-publish","hentry"],"_links":{"self":[{"href":"https:\/\/martapinedasoprano.com\/index.php\/wp-json\/wp\/v2\/pages\/459","targetHints":{"allow":["GET"]}}],"collection":[{"href":"https:\/\/martapinedasoprano.com\/index.php\/wp-json\/wp\/v2\/pages"}],"about":[{"href":"https:\/\/martapinedasoprano.com\/index.php\/wp-json\/wp\/v2\/types\/page"}],"author":[{"embeddable":true,"href":"https:\/\/martapinedasoprano.com\/index.php\/wp-json\/wp\/v2\/users\/1"}],"replies":[{"embeddable":true,"href":"https:\/\/martapinedasoprano.com\/index.php\/wp-json\/wp\/v2\/comments?post=459"}],"version-history":[{"count":13,"href":"https:\/\/martapinedasoprano.com\/index.php\/wp-json\/wp\/v2\/pages\/459\/revisions"}],"predecessor-version":[{"id":879,"href":"https:\/\/martapinedasoprano.com\/index.php\/wp-json\/wp\/v2\/pages\/459\/revisions\/879"}],"wp:attachment":[{"href":"https:\/\/martapinedasoprano.com\/index.php\/wp-json\/wp\/v2\/media?parent=459"}],"curies":[{"name":"wp","href":"https:\/\/api.w.org\/{rel}","templated":true}]}}